{"id":33,"date":"2014-09-01T12:20:27","date_gmt":"2014-09-01T12:20:27","guid":{"rendered":"http:\/\/pervemac.itccanarias.org\/?page_id=33"},"modified":"2015-03-20T08:46:50","modified_gmt":"2015-03-20T08:46:50","slug":"medidas-previstas","status":"publish","type":"page","link":"https:\/\/pervemac.itccanarias.org\/pt\/proyecto\/medidas-previstas\/","title":{"rendered":"Medidas Previstas"},"content":{"rendered":"<p><\/p>\n<p> A principal ferramenta de comunica\u00e7\u00e3o do Projeto ser\u00e1 internet, atrav\u00e9s da web do Projeto, em que se incluir\u00e1 uma descri\u00e7\u00e3o do Projeto e atualiza\u00e7\u00f5es peri\u00f3dicas dos resultados anal\u00edticos: estat\u00edsticas de amostras recolhidas, an\u00e1lises realizadas e dados de identifica\u00e7\u00e3o de res\u00edduos de pesticidas, como ponto de informa\u00e7\u00e3o aos consumidores Macaron\u00e9sicos com inquietude acerca da salubridade alimentar dos produtos vegetais consumidos na Regi\u00e3o, sempre no que diz respeito a res\u00edduos de produtos fitossanit\u00e1rios.<\/p>\n<p> A divulga\u00e7\u00e3o do Projeto a trav\u00e9s da web se complementa com a edi\u00e7\u00e3o de um folheto inicial informativo, no que se descreve o Projeto, seus objetivos, o modelo de trabalho e o significado dos resultados. A meta que se persegue com a edi\u00e7\u00e3o deste folheto n\u00e3o \u00e9 somente dar a conhecer o Projeto em si, mas divulgar a \u00e1rea de conhecimento do Projeto, a salubridade alimentar, uma vari\u00e1vel e um pilar b\u00e1sico do desenvolvimento da Sociedade. <\/p>\n<p><\/p>","protected":false},"excerpt":{"rendered":"<p>A principal ferramenta de comunica\u00e7\u00e3o do Projeto ser\u00e1 internet, atrav\u00e9s da web do Projeto, em que se incluir\u00e1 uma descri\u00e7\u00e3o do Projeto e atualiza\u00e7\u00f5es peri\u00f3dicas dos resultados anal\u00edticos: estat\u00edsticas de amostras recolhidas, an\u00e1lises realizadas e dados de identifica\u00e7\u00e3o de res\u00edduos de pesticidas, como ponto de informa\u00e7\u00e3o aos consumidores Macaron\u00e9sicos com inquietude acerca da salubridade alimentar [&hellip;]<\/p>\n","protected":false},"author":1,"featured_media":0,"parent":13,"menu_order":0,"comment_status":"closed","ping_status":"closed","template":"","meta":{"_monsterinsights_skip_tracking":false,"_monsterinsights_sitenote_active":false,"_monsterinsights_sitenote_note":"","_monsterinsights_sitenote_category":0,"footnotes":""},"class_list":["post-33","page","type-page","status-publish","hentry"],"_links":{"self":[{"href":"https:\/\/pervemac.itccanarias.org\/pt\/wp-json\/wp\/v2\/pages\/33","targetHints":{"allow":["GET"]}}],"collection":[{"href":"https:\/\/pervemac.itccanarias.org\/pt\/wp-json\/wp\/v2\/pages"}],"about":[{"href":"https:\/\/pervemac.itccanarias.org\/pt\/wp-json\/wp\/v2\/types\/page"}],"author":[{"embeddable":true,"href":"https:\/\/pervemac.itccanarias.org\/pt\/wp-json\/wp\/v2\/users\/1"}],"replies":[{"embeddable":true,"href":"https:\/\/pervemac.itccanarias.org\/pt\/wp-json\/wp\/v2\/comments?post=33"}],"version-history":[{"count":3,"href":"https:\/\/pervemac.itccanarias.org\/pt\/wp-json\/wp\/v2\/pages\/33\/revisions"}],"predecessor-version":[{"id":176,"href":"https:\/\/pervemac.itccanarias.org\/pt\/wp-json\/wp\/v2\/pages\/33\/revisions\/176"}],"up":[{"embeddable":true,"href":"https:\/\/pervemac.itccanarias.org\/pt\/wp-json\/wp\/v2\/pages\/13"}],"wp:attachment":[{"href":"https:\/\/pervemac.itccanarias.org\/pt\/wp-json\/wp\/v2\/media?parent=33"}],"curies":[{"name":"wp","href":"https:\/\/api.w.org\/{rel}","templated":true}]}}