{"id":28,"date":"2014-09-01T12:16:56","date_gmt":"2014-09-01T12:16:56","guid":{"rendered":"http:\/\/pervemac.itccanarias.org\/?page_id=28"},"modified":"2015-02-04T15:28:43","modified_gmt":"2015-02-04T15:28:43","slug":"ambito-geografico","status":"publish","type":"page","link":"https:\/\/pervemac.itccanarias.org\/pt\/proyecto\/ambito-geografico\/","title":{"rendered":"\u00c2mbito Geogr\u00e1fico"},"content":{"rendered":"<p>As \u00e1reas territoriais que abarca PERVEMAC s\u00e3o a Comunidade Aut\u00f4noma de Can\u00e1rias (Espanha, UE), a Regi\u00e3o Aut\u00f4noma de Madeira (Portugal, UE) e a Rep\u00fablica de Cabo Verde. O programa tem como linha de atua\u00e7\u00e3o priorit\u00e1ria a Coopera\u00e7\u00e3o com Terceiros Pa\u00edses de seu entorno geogr\u00e1fico e cultural.<\/p>\n<p>Para fortalecer a coopera\u00e7\u00e3o com o resto da Uni\u00e3o Europeia ser\u00e3o utilizadas as prescri\u00e7\u00f5es previstas no par\u00e1grafo 2 do artigo 21 do regulamento (CE) n\u00ba 1080\/2006 relacionado ao Fundo Europeu de Desenvolvimento Regional, que determina as condi\u00e7\u00f5es com respeito \u00e0 localiza\u00e7\u00e3o das a\u00e7\u00f5es que se tem em conta no presente projeto.<\/p>\n<p>Especificamente ser\u00e3o realizadas atua\u00e7\u00f5es ao longo do Arquip\u00e9lago Can\u00e1rio, em locais do Arquip\u00e9lago de Madeira, e em diversas localidades de Cabo Verde. O \u00e2mbito dos estudos, a disponibilidade de recursos Web, a divulga\u00e7\u00e3o, utilidade e extrapola\u00e7\u00e3o dos resultados considerar\u00e3o os tr\u00eas arquip\u00e9lagos.<\/p>","protected":false},"excerpt":{"rendered":"<p>As \u00e1reas territoriais que abarca PERVEMAC s\u00e3o a Comunidade Aut\u00f4noma de Can\u00e1rias (Espanha, UE), a Regi\u00e3o Aut\u00f4noma de Madeira (Portugal, UE) e a Rep\u00fablica de Cabo Verde. O programa tem como linha de atua\u00e7\u00e3o priorit\u00e1ria a Coopera\u00e7\u00e3o com Terceiros Pa\u00edses de seu entorno geogr\u00e1fico e cultural. Para fortalecer a coopera\u00e7\u00e3o com o resto da Uni\u00e3o [&hellip;]<\/p>\n","protected":false},"author":1,"featured_media":0,"parent":13,"menu_order":0,"comment_status":"closed","ping_status":"closed","template":"","meta":{"_monsterinsights_skip_tracking":false,"_monsterinsights_sitenote_active":false,"_monsterinsights_sitenote_note":"","_monsterinsights_sitenote_category":0,"footnotes":""},"class_list":["post-28","page","type-page","status-publish","hentry"],"_links":{"self":[{"href":"https:\/\/pervemac.itccanarias.org\/pt\/wp-json\/wp\/v2\/pages\/28","targetHints":{"allow":["GET"]}}],"collection":[{"href":"https:\/\/pervemac.itccanarias.org\/pt\/wp-json\/wp\/v2\/pages"}],"about":[{"href":"https:\/\/pervemac.itccanarias.org\/pt\/wp-json\/wp\/v2\/types\/page"}],"author":[{"embeddable":true,"href":"https:\/\/pervemac.itccanarias.org\/pt\/wp-json\/wp\/v2\/users\/1"}],"replies":[{"embeddable":true,"href":"https:\/\/pervemac.itccanarias.org\/pt\/wp-json\/wp\/v2\/comments?post=28"}],"version-history":[{"count":3,"href":"https:\/\/pervemac.itccanarias.org\/pt\/wp-json\/wp\/v2\/pages\/28\/revisions"}],"predecessor-version":[{"id":163,"href":"https:\/\/pervemac.itccanarias.org\/pt\/wp-json\/wp\/v2\/pages\/28\/revisions\/163"}],"up":[{"embeddable":true,"href":"https:\/\/pervemac.itccanarias.org\/pt\/wp-json\/wp\/v2\/pages\/13"}],"wp:attachment":[{"href":"https:\/\/pervemac.itccanarias.org\/pt\/wp-json\/wp\/v2\/media?parent=28"}],"curies":[{"name":"wp","href":"https:\/\/api.w.org\/{rel}","templated":true}]}}