{"id":13,"date":"2014-08-28T12:04:48","date_gmt":"2014-08-28T12:04:48","guid":{"rendered":"http:\/\/pervemac.itccanarias.org\/?page_id=13"},"modified":"2024-02-01T10:24:17","modified_gmt":"2024-02-01T10:24:17","slug":"proyecto","status":"publish","type":"page","link":"https:\/\/pervemac.itccanarias.org\/pt\/proyecto\/","title":{"rendered":"Resumo do Projecto"},"content":{"rendered":"<p><\/p>\n<p>PERVEMAC \u00e9 um Projeto de Coopera\u00e7\u00e3o em Investiga\u00e7\u00e3o e Desenvolvimento sobre a incid\u00eancia de res\u00edduos de Produtos Fitossanit\u00e1rios nos Produtos Vegetais consumidos no \u00e2mbito geogr\u00e1fico da Macaron\u00e9sia. O Projeto est\u00e1 baseado em um amplo e exaustivo programa de monitoramento, como nunca realizado anteriormente na Regi\u00e3o, de res\u00edduos de produtos fitossanit\u00e1rios (pesticidas) e micotoxinas nos Produtos Vegetais consumidos na Macaron\u00e9sia, sejam eles de origem local (agricultura) ou de origem externo (importa\u00e7\u00e3o), recolhendo as amostras que ser\u00e3o objeto de an\u00e1lises nos pontos de venda direta ao consumidor e nas instala\u00e7\u00f5es tur\u00edsticas. PERVEMAC considera os turistas como consumidores. Com os resultados das an\u00e1lises de res\u00edduos se realiza uma Avalia\u00e7\u00e3o da Ingest\u00e3o (consumo) e impacto na sa\u00fade, que nos aportar\u00e1 uma estima\u00e7\u00e3o dos riscos relacionados com a salubridade alimentar aos que est\u00e1 exposta a popula\u00e7\u00e3o.<\/p>\n<p>&nbsp;<\/p>\n\n<!-- Page-list plugin v.5.9 wordpress.org\/plugins\/page-list\/ -->\n<ul class=\"page-list subpages-page-list \">\n<li><a href=\"https:\/\/pervemac.itccanarias.org\/pt\/\">Home<\/a><\/li><li class=\"page_item page-item-35\"><a href=\"https:\/\/pervemac.itccanarias.org\/pt\/proyecto\/aspectos-innovadores\/\">Aspectos Inovadores<\/a><\/li>\n<li class=\"page_item page-item-37\"><a href=\"https:\/\/pervemac.itccanarias.org\/pt\/proyecto\/efectos-multiplicadores\/\">Efeitos Multiplicadores<\/a><\/li>\n<li class=\"page_item page-item-39\"><a href=\"https:\/\/pervemac.itccanarias.org\/pt\/proyecto\/perdurabilidad-de-los-resultados\/\">Perdurabilidade dos Resultados<\/a><\/li>\n<li class=\"page_item page-item-28\"><a href=\"https:\/\/pervemac.itccanarias.org\/pt\/proyecto\/ambito-geografico\/\">\u00c2mbito Geogr\u00e1fico<\/a><\/li>\n<li class=\"page_item page-item-31\"><a href=\"https:\/\/pervemac.itccanarias.org\/pt\/proyecto\/descripcion-tecnica\/\">Descri\u00e7\u00e3o t\u00e9cnica<\/a><\/li>\n<li class=\"page_item page-item-33\"><a href=\"https:\/\/pervemac.itccanarias.org\/pt\/proyecto\/medidas-previstas\/\">Medidas Previstas<\/a><\/li>\n\n<\/ul>\n<p><\/p>","protected":false},"excerpt":{"rendered":"<p>PERVEMAC \u00e9 um Projeto de Coopera\u00e7\u00e3o em Investiga\u00e7\u00e3o e Desenvolvimento sobre a incid\u00eancia de res\u00edduos de Produtos Fitossanit\u00e1rios nos Produtos Vegetais consumidos no \u00e2mbito geogr\u00e1fico da Macaron\u00e9sia. O Projeto est\u00e1 baseado em um amplo e exaustivo programa de monitoramento, como nunca realizado anteriormente na Regi\u00e3o, de res\u00edduos de produtos fitossanit\u00e1rios (pesticidas) e micotoxinas nos Produtos [&hellip;]<\/p>\n","protected":false},"author":1,"featured_media":0,"parent":0,"menu_order":1,"comment_status":"closed","ping_status":"closed","template":"","meta":{"_monsterinsights_skip_tracking":false,"_monsterinsights_sitenote_active":false,"_monsterinsights_sitenote_note":"","_monsterinsights_sitenote_category":0,"footnotes":""},"class_list":["post-13","page","type-page","status-publish","hentry"],"_links":{"self":[{"href":"https:\/\/pervemac.itccanarias.org\/pt\/wp-json\/wp\/v2\/pages\/13","targetHints":{"allow":["GET"]}}],"collection":[{"href":"https:\/\/pervemac.itccanarias.org\/pt\/wp-json\/wp\/v2\/pages"}],"about":[{"href":"https:\/\/pervemac.itccanarias.org\/pt\/wp-json\/wp\/v2\/types\/page"}],"author":[{"embeddable":true,"href":"https:\/\/pervemac.itccanarias.org\/pt\/wp-json\/wp\/v2\/users\/1"}],"replies":[{"embeddable":true,"href":"https:\/\/pervemac.itccanarias.org\/pt\/wp-json\/wp\/v2\/comments?post=13"}],"version-history":[{"count":5,"href":"https:\/\/pervemac.itccanarias.org\/pt\/wp-json\/wp\/v2\/pages\/13\/revisions"}],"predecessor-version":[{"id":406,"href":"https:\/\/pervemac.itccanarias.org\/pt\/wp-json\/wp\/v2\/pages\/13\/revisions\/406"}],"wp:attachment":[{"href":"https:\/\/pervemac.itccanarias.org\/pt\/wp-json\/wp\/v2\/media?parent=13"}],"curies":[{"name":"wp","href":"https:\/\/api.w.org\/{rel}","templated":true}]}}